{"id":652,"date":"2025-09-22T13:11:57","date_gmt":"2025-09-22T11:11:57","guid":{"rendered":"https:\/\/thinex.tech\/blog-de-thinex-rotimpres\/"},"modified":"2025-10-29T16:50:46","modified_gmt":"2025-10-29T16:50:46","slug":"blog","status":"publish","type":"page","link":"https:\/\/thinex.tech\/ca\/blog\/","title":{"rendered":"Blog de Thinex Rotimpres"},"content":{"rendered":"<section class=\"tnx-hero thinex-blog-hero has-primary-background-color\" style=\"background-image:url(https:\/\/thinex.tech\/wp-content\/uploads\/2025\/09\/hero.webp);background-repeat:no-repeat;background-size:cover;background-position:center;\">\n\t<div class=\"tnx-hero__inner\">\n\t\t\n\t\t\t\t\t<h1 class=\"tnx-hero__title\"><strong>Blog de Thinex Rotimpres<\/strong><\/h1>\n\t\t\n\t\t\t\t\t<p class=\"tnx-hero__desc\"><br><strong>Descobreix les darreres tend\u00e8ncies i aven\u00e7os en electr\u00f2nica impresa.<\/strong><br>Al bloc de <strong>Thinex Rotimpres <\/strong>compartim coneixement, innovaci\u00f3 i casos reals que estan transformant la manera com els productes interactuen amb el m\u00f3n. Des de noves aplicacions en packaging i t\u00e8xtils fins a solucions sostenibles i connectades, aqu\u00ed trobareu inspiraci\u00f3 i informaci\u00f3 \u00fatil per a la vostra empresa. <\/p>\n\t\t\n\t\t\t\t\t<a class=\"tnx-hero__cta\"\n\t\t\t\thref=\"#suscripcio\"\n\t\t\t\t>\n\t\t\t\tSubscriu-te al Blog\t\t\t<\/a>\n\t\t\t<\/div>\n<\/section>\n\n\n\n<div style=\"height:75px\" aria-hidden=\"true\" class=\"wp-block-spacer\"><\/div>\n\n\n<ul style=\"font-style:normal;font-weight:500;\" class=\"wp-block-latest-posts__list is-grid columns-2 has-dates has-author alignwide wp-block-latest-posts has-h-3-font-size\"><li><div class=\"wp-block-latest-posts__featured-image\"><a href=\"https:\/\/thinex.tech\/ca\/lera-dels-data-driven-products-com-lelectronica-impresa-habilita-intelligencia-en-temps-real\/\" aria-label=\"L\u2019era dels data-driven products: com l\u2019electr\u00f2nica impresa habilita intel\u00b7lig\u00e8ncia en temps real\"><img loading=\"lazy\" decoding=\"async\" width=\"1024\" height=\"759\" src=\"https:\/\/thinex.tech\/wp-content\/uploads\/2026\/04\/Post23-e1776763140433-1024x759.png\" class=\"attachment-large size-large wp-post-image\" alt=\"\" style=\"\" srcset=\"https:\/\/thinex.tech\/wp-content\/uploads\/2026\/04\/Post23-e1776763140433-1024x759.png 1024w, https:\/\/thinex.tech\/wp-content\/uploads\/2026\/04\/Post23-e1776763140433-300x222.png 300w, https:\/\/thinex.tech\/wp-content\/uploads\/2026\/04\/Post23-e1776763140433-768x570.png 768w, https:\/\/thinex.tech\/wp-content\/uploads\/2026\/04\/Post23-e1776763140433-1536x1139.png 1536w, https:\/\/thinex.tech\/wp-content\/uploads\/2026\/04\/Post23-e1776763140433.png 1583w\" sizes=\"auto, (max-width: 1024px) 100vw, 1024px\" \/><\/a><\/div><a class=\"wp-block-latest-posts__post-title\" href=\"https:\/\/thinex.tech\/ca\/lera-dels-data-driven-products-com-lelectronica-impresa-habilita-intelligencia-en-temps-real\/\">L\u2019era dels data-driven products: com l\u2019electr\u00f2nica impresa habilita intel\u00b7lig\u00e8ncia en temps real<\/a><div class=\"wp-block-latest-posts__post-author\">per Laura Mu\u00f1oz<\/div><time datetime=\"2026-04-21T11:12:59+02:00\" class=\"wp-block-latest-posts__post-date\">21 d&#8217;abril de 2026<\/time><\/li>\n<li><div class=\"wp-block-latest-posts__featured-image\"><a href=\"https:\/\/thinex.tech\/ca\/el-futur-del-smart-packaging-connectant-productes-marques-i-consumidors\/\" aria-label=\"El futur del Smart Packaging: connectant productes, marques i consumidors\"><img loading=\"lazy\" decoding=\"async\" width=\"1024\" height=\"683\" src=\"https:\/\/thinex.tech\/wp-content\/uploads\/2026\/03\/0594-1-1-1024x683.jpg\" class=\"attachment-large size-large wp-post-image\" alt=\"\" style=\"\" srcset=\"https:\/\/thinex.tech\/wp-content\/uploads\/2026\/03\/0594-1-1-1024x683.jpg 1024w, https:\/\/thinex.tech\/wp-content\/uploads\/2026\/03\/0594-1-1-300x200.jpg 300w, https:\/\/thinex.tech\/wp-content\/uploads\/2026\/03\/0594-1-1-768x512.jpg 768w, https:\/\/thinex.tech\/wp-content\/uploads\/2026\/03\/0594-1-1-1536x1024.jpg 1536w, https:\/\/thinex.tech\/wp-content\/uploads\/2026\/03\/0594-1-1-2048x1365.jpg 2048w\" sizes=\"auto, (max-width: 1024px) 100vw, 1024px\" \/><\/a><\/div><a class=\"wp-block-latest-posts__post-title\" href=\"https:\/\/thinex.tech\/ca\/el-futur-del-smart-packaging-connectant-productes-marques-i-consumidors\/\">El futur del Smart Packaging: connectant productes, marques i consumidors<\/a><div class=\"wp-block-latest-posts__post-author\">per Laura Mu\u00f1oz<\/div><time datetime=\"2026-03-16T17:11:08+01:00\" class=\"wp-block-latest-posts__post-date\">16 de mar\u00e7 de 2026<\/time><\/li>\n<li><div class=\"wp-block-latest-posts__featured-image\"><a href=\"https:\/\/thinex.tech\/ca\/de-la-rigidesa-a-la-flexibilitat-com-la-fabricacio-roll-to-roll-esta-transformant-lelectronica\/\" aria-label=\"De la rigidesa a la flexibilitat: com la fabricaci\u00f3 roll-to-roll est\u00e0 transformant l\u2019electr\u00f2nica\"><img loading=\"lazy\" decoding=\"async\" width=\"1024\" height=\"683\" src=\"https:\/\/thinex.tech\/wp-content\/uploads\/2026\/02\/Printed-electronics-R2R-manufacturing-line-1024x683.webp\" class=\"attachment-large size-large wp-post-image\" alt=\"Printed electronics R2R manufacturing line\" style=\"\" srcset=\"https:\/\/thinex.tech\/wp-content\/uploads\/2026\/02\/Printed-electronics-R2R-manufacturing-line-1024x683.webp 1024w, https:\/\/thinex.tech\/wp-content\/uploads\/2026\/02\/Printed-electronics-R2R-manufacturing-line-300x200.webp 300w, https:\/\/thinex.tech\/wp-content\/uploads\/2026\/02\/Printed-electronics-R2R-manufacturing-line-768x512.webp 768w, https:\/\/thinex.tech\/wp-content\/uploads\/2026\/02\/Printed-electronics-R2R-manufacturing-line.webp 1210w\" sizes=\"auto, (max-width: 1024px) 100vw, 1024px\" \/><\/a><\/div><a class=\"wp-block-latest-posts__post-title\" href=\"https:\/\/thinex.tech\/ca\/de-la-rigidesa-a-la-flexibilitat-com-la-fabricacio-roll-to-roll-esta-transformant-lelectronica\/\">De la rigidesa a la flexibilitat: com la fabricaci\u00f3 roll-to-roll est\u00e0 transformant l\u2019electr\u00f2nica<\/a><div class=\"wp-block-latest-posts__post-author\">per Marc Vizern<\/div><time datetime=\"2026-02-17T09:00:00+01:00\" class=\"wp-block-latest-posts__post-date\">17 de febrer de 2026<\/time><\/li>\n<li><div class=\"wp-block-latest-posts__featured-image\"><a href=\"https:\/\/thinex.tech\/ca\/com-lelectronica-impresa-impulsa-la-revolucio-sostenible-a-la-industria-4-0\/\" aria-label=\"Com l\u2019electr\u00f2nica impresa impulsa la revoluci\u00f3 sostenible a la Ind\u00fastria 4.0\"><img loading=\"lazy\" decoding=\"async\" width=\"1024\" height=\"683\" src=\"https:\/\/thinex.tech\/wp-content\/uploads\/2026\/01\/Industria-4.0-electronica-impresa-1024x683.jpg\" class=\"attachment-large size-large wp-post-image\" alt=\"Industria 4.0 electronica impresa\" style=\"\" srcset=\"https:\/\/thinex.tech\/wp-content\/uploads\/2026\/01\/Industria-4.0-electronica-impresa-1024x683.jpg 1024w, https:\/\/thinex.tech\/wp-content\/uploads\/2026\/01\/Industria-4.0-electronica-impresa-300x200.jpg 300w, https:\/\/thinex.tech\/wp-content\/uploads\/2026\/01\/Industria-4.0-electronica-impresa-768x512.jpg 768w, https:\/\/thinex.tech\/wp-content\/uploads\/2026\/01\/Industria-4.0-electronica-impresa-1536x1024.jpg 1536w, https:\/\/thinex.tech\/wp-content\/uploads\/2026\/01\/Industria-4.0-electronica-impresa-2048x1365.jpg 2048w\" sizes=\"auto, (max-width: 1024px) 100vw, 1024px\" \/><\/a><\/div><a class=\"wp-block-latest-posts__post-title\" href=\"https:\/\/thinex.tech\/ca\/com-lelectronica-impresa-impulsa-la-revolucio-sostenible-a-la-industria-4-0\/\">Com l\u2019electr\u00f2nica impresa impulsa la revoluci\u00f3 sostenible a la Ind\u00fastria 4.0<\/a><div class=\"wp-block-latest-posts__post-author\">per Marc Vizern<\/div><time datetime=\"2026-01-16T11:49:35+01:00\" class=\"wp-block-latest-posts__post-date\">16 de gener de 2026<\/time><\/li>\n<li><div class=\"wp-block-latest-posts__featured-image\"><a href=\"https:\/\/thinex.tech\/ca\/electronica-impresa-per-a-lespai-sensors-thinex-rotimpres-validats-en-proves-de-paracaigudes-de-la-nasa\/\" aria-label=\"Electr\u00f2nica impresa per a l\u2019espai: Sensors Thinex Rotimpres validats en proves de paracaigudes de la NASA\"><img loading=\"lazy\" decoding=\"async\" width=\"1024\" height=\"682\" src=\"https:\/\/thinex.tech\/wp-content\/uploads\/2025\/12\/nasa-logo-2-1024x682.jpg\" class=\"attachment-large size-large wp-post-image\" alt=\"logo de la Nasa\" style=\"\" srcset=\"https:\/\/thinex.tech\/wp-content\/uploads\/2025\/12\/nasa-logo-2-1024x682.jpg 1024w, https:\/\/thinex.tech\/wp-content\/uploads\/2025\/12\/nasa-logo-2-300x200.jpg 300w, https:\/\/thinex.tech\/wp-content\/uploads\/2025\/12\/nasa-logo-2-768x512.jpg 768w, https:\/\/thinex.tech\/wp-content\/uploads\/2025\/12\/nasa-logo-2.jpg 1507w\" sizes=\"auto, (max-width: 1024px) 100vw, 1024px\" \/><\/a><\/div><a class=\"wp-block-latest-posts__post-title\" href=\"https:\/\/thinex.tech\/ca\/electronica-impresa-per-a-lespai-sensors-thinex-rotimpres-validats-en-proves-de-paracaigudes-de-la-nasa\/\">Electr\u00f2nica impresa per a l\u2019espai: Sensors Thinex Rotimpres validats en proves de paracaigudes de la NASA<\/a><div class=\"wp-block-latest-posts__post-author\">per Marc Vizern<\/div><time datetime=\"2025-12-09T08:18:00+01:00\" class=\"wp-block-latest-posts__post-date\">9 de desembre de 2025<\/time><\/li>\n<li><div class=\"wp-block-latest-posts__featured-image\"><a href=\"https:\/\/thinex.tech\/ca\/electronica-impresa-vs-tecnologia-tradicional\/\" aria-label=\"Electr\u00f2nica Impresa vs Tecnologia Tradicional\"><img loading=\"lazy\" decoding=\"async\" width=\"1024\" height=\"683\" src=\"https:\/\/thinex.tech\/wp-content\/uploads\/2025\/11\/Dispositivos-fabricados-con-electronica-impresa-1024x683.jpg\" class=\"attachment-large size-large wp-post-image\" alt=\"Dispositivos fabricados con electronica impresa\" style=\"\" srcset=\"https:\/\/thinex.tech\/wp-content\/uploads\/2025\/11\/Dispositivos-fabricados-con-electronica-impresa-1024x683.jpg 1024w, https:\/\/thinex.tech\/wp-content\/uploads\/2025\/11\/Dispositivos-fabricados-con-electronica-impresa-300x200.jpg 300w, https:\/\/thinex.tech\/wp-content\/uploads\/2025\/11\/Dispositivos-fabricados-con-electronica-impresa-768x512.jpg 768w, https:\/\/thinex.tech\/wp-content\/uploads\/2025\/11\/Dispositivos-fabricados-con-electronica-impresa-1536x1024.jpg 1536w, https:\/\/thinex.tech\/wp-content\/uploads\/2025\/11\/Dispositivos-fabricados-con-electronica-impresa-2048x1365.jpg 2048w\" sizes=\"auto, (max-width: 1024px) 100vw, 1024px\" \/><\/a><\/div><a class=\"wp-block-latest-posts__post-title\" href=\"https:\/\/thinex.tech\/ca\/electronica-impresa-vs-tecnologia-tradicional\/\">Electr\u00f2nica Impresa vs Tecnologia Tradicional<\/a><div class=\"wp-block-latest-posts__post-author\">per Marc Vizern<\/div><time datetime=\"2025-11-18T08:45:00+01:00\" class=\"wp-block-latest-posts__post-date\">18 de novembre de 2025<\/time><\/li>\n<\/ul>\n\n\n<div style=\"height:75px\" aria-hidden=\"true\" class=\"wp-block-spacer\"><\/div>\n\n\n\t<a id=\"suscripcio\"><\/a>\n\n\n\n<div class=\"pipedriveWebForms\" data-pd-webforms=\"https:\/\/webforms.pipedrive.com\/f\/ckji0Ra6SlEC4wiT2ZNM7i9gD1SO85jtzbIxesq0ZEw46eFRCcxSfTbx6zoFiQIYnh\"><script src=\"https:\/\/webforms.pipedrive.com\/f\/loader\"><\/script><\/div>\n","protected":false},"excerpt":{"rendered":"","protected":false},"author":4,"featured_media":0,"parent":0,"menu_order":0,"comment_status":"closed","ping_status":"closed","template":"","meta":{"_acf_changed":false,"footnotes":""},"class_list":["post-652","page","type-page","status-publish","hentry"],"acf":[],"_links":{"self":[{"href":"https:\/\/thinex.tech\/ca\/wp-json\/wp\/v2\/pages\/652","targetHints":{"allow":["GET"]}}],"collection":[{"href":"https:\/\/thinex.tech\/ca\/wp-json\/wp\/v2\/pages"}],"about":[{"href":"https:\/\/thinex.tech\/ca\/wp-json\/wp\/v2\/types\/page"}],"author":[{"embeddable":true,"href":"https:\/\/thinex.tech\/ca\/wp-json\/wp\/v2\/users\/4"}],"replies":[{"embeddable":true,"href":"https:\/\/thinex.tech\/ca\/wp-json\/wp\/v2\/comments?post=652"}],"version-history":[{"count":6,"href":"https:\/\/thinex.tech\/ca\/wp-json\/wp\/v2\/pages\/652\/revisions"}],"predecessor-version":[{"id":926,"href":"https:\/\/thinex.tech\/ca\/wp-json\/wp\/v2\/pages\/652\/revisions\/926"}],"wp:attachment":[{"href":"https:\/\/thinex.tech\/ca\/wp-json\/wp\/v2\/media?parent=652"}],"curies":[{"name":"wp","href":"https:\/\/api.w.org\/{rel}","templated":true}]}}