{"id":658,"date":"2025-09-03T18:43:51","date_gmt":"2025-09-03T17:43:51","guid":{"rendered":"https:\/\/thinex.tech\/avis-legal\/"},"modified":"2025-10-29T16:50:52","modified_gmt":"2025-10-29T16:50:52","slug":"avis-legal","status":"publish","type":"page","link":"https:\/\/thinex.tech\/ca\/avis-legal\/","title":{"rendered":"Av\u00eds legal"},"content":{"rendered":"\n<p>De conformitat amb el que estableix la Llei 34\/2002, de Serveis de la Societat de la Informaci\u00f3 i del Comer\u00e7 Electr\u00f2nic, s&#8217;informa als usuaris d&#8217;aquest lloc web que el lloc web \u00e9s propietat de:<\/p>\n\n<p>Identitat: Impressions Rotatives Offset, SA (d&#8217;ara endavant \u201cEL TITULAR\u201d)<\/p>\n\n<p>NIF: A17166794<\/p>\n\n<p>Adre\u00e7a: C\/ Pla de l&#8217;Estany s\/n, Aiguaviva (17181), Espanya<\/p>\n\n<h3 class=\"wp-block-heading\">PROPIETAT INTEL\u00b7LECTUAL I INDUSTRIAL<\/h3>\n\n<p>El contingut d&#8217;aquest lloc, incloent-hi el text, les imatges i els dissenys gr\u00e0fics, pertanyen al PROPIETARI o a tercers que n&#8217;han autoritzat l&#8217;\u00fas. EL PROPIETARI presenta aquest contingut amb finalitats informatives i promocionals. EL PROPIETARI n&#8217;autoritza l&#8217;\u00fas exclusivament per a aquestes finalitats. Qualsevol \u00fas d&#8217;aquests dissenys, imatges o text ha de recon\u00e8ixer expressament la seva propietat per part del PROPIETARI, que es reserva el dret d&#8217;iniciar les accions legals oportunes per reparar qualsevol dany.   <\/p>\n\n<h3 class=\"wp-block-heading\">EXCLUSI\u00d3 DE RESPONSABILITAT<\/h3>\n\n<p>EL TITULAR actuar\u00e0 amb la m\u00e0xima dilig\u00e8ncia possible per assegurar-se que les dades i la informaci\u00f3 que s&#8217;ofereixen al seu lloc web estiguin actualitzades en tot moment. No obstant aix\u00f2, no garanteix ni es responsabilitza de l&#8217;exactitud i actualitat dels continguts del lloc web. Aix\u00ed mateix, es reserva el dret de modificar aquests continguts en qualsevol moment. EL TITULAR no es responsabilitza de la informaci\u00f3 que es pugui obtenir a trav\u00e9s dels enlla\u00e7os que es mostren al lloc web.   <\/p>\n\n<p>La relaci\u00f3 comercial amb els clients es regir\u00e0 per les condicions generals que, si escau, estableixi EL TITULAR en un document espec\u00edficament elaborat a aquest efecte, o en els acords espec\u00edfics que subscrigui amb els clients.<\/p>\n\n<h3 class=\"wp-block-heading\">TERMES I CONDICIONS D&#8217;\u00daS<\/h3>\n\n<p>En utilitzar aquest lloc web, vost\u00e8 accepta plenament els termes i condicions d&#8217;aquest av\u00eds legal. Qualsevol controv\u00e8rsia derivada de l&#8217;\u00fas d&#8217;aquest lloc web es regir\u00e0 exclusivament per la legislaci\u00f3 espanyola. Tots els usuaris del lloc web, independentment de la jurisdicci\u00f3 territorial en qu\u00e8 hi accedeixin, accepten complir i respectar aquestes cl\u00e0usules, amb ren\u00fancia expressa a qualsevol altre fur que els pugui correspondre per dret, sense perjudici dels drets que legalment li corresponguin a l&#8217;usuari, sempre que tingui la condici\u00f3 de consumidor.  <\/p>\n","protected":false},"excerpt":{"rendered":"<p>De conformitat amb el que estableix la Llei 34\/2002, de Serveis de la Societat de la Informaci\u00f3 i del Comer\u00e7 Electr\u00f2nic, s&#8217;informa als usuaris d&#8217;aquest lloc web que el lloc web \u00e9s propietat de: Identitat: Impressions Rotatives Offset, SA (d&#8217;ara endavant \u201cEL TITULAR\u201d) NIF: A17166794 Adre\u00e7a: C\/ Pla de l&#8217;Estany s\/n, Aiguaviva (17181), Espanya PROPIETAT [&hellip;]<\/p>\n","protected":false},"author":1,"featured_media":0,"parent":0,"menu_order":0,"comment_status":"closed","ping_status":"closed","template":"template-page.php","meta":{"_acf_changed":false,"footnotes":""},"class_list":["post-658","page","type-page","status-publish","hentry"],"acf":[],"_links":{"self":[{"href":"https:\/\/thinex.tech\/ca\/wp-json\/wp\/v2\/pages\/658","targetHints":{"allow":["GET"]}}],"collection":[{"href":"https:\/\/thinex.tech\/ca\/wp-json\/wp\/v2\/pages"}],"about":[{"href":"https:\/\/thinex.tech\/ca\/wp-json\/wp\/v2\/types\/page"}],"author":[{"embeddable":true,"href":"https:\/\/thinex.tech\/ca\/wp-json\/wp\/v2\/users\/1"}],"replies":[{"embeddable":true,"href":"https:\/\/thinex.tech\/ca\/wp-json\/wp\/v2\/comments?post=658"}],"version-history":[{"count":4,"href":"https:\/\/thinex.tech\/ca\/wp-json\/wp\/v2\/pages\/658\/revisions"}],"predecessor-version":[{"id":703,"href":"https:\/\/thinex.tech\/ca\/wp-json\/wp\/v2\/pages\/658\/revisions\/703"}],"wp:attachment":[{"href":"https:\/\/thinex.tech\/ca\/wp-json\/wp\/v2\/media?parent=658"}],"curies":[{"name":"wp","href":"https:\/\/api.w.org\/{rel}","templated":true}]}}